{"id":8,"date":"2017-11-03T16:11:42","date_gmt":"2017-11-03T15:11:42","guid":{"rendered":"http:\/\/soalandy.com\/?page_id=8"},"modified":"2025-01-19T13:11:01","modified_gmt":"2025-01-19T12:11:01","slug":"a-propos-de","status":"publish","type":"page","link":"https:\/\/soalandy.com\/?page_id=8","title":{"rendered":"\u00c0 propos de"},"content":{"rendered":"<p><img loading=\"lazy\" decoding=\"async\" class=\"wp-image-932 size-medium aligncenter\" src=\"https:\/\/soalandy.com\/wp-content\/uploads\/2020\/02\/ToonMe-216x300.png\" alt=\"\" width=\"216\" height=\"300\" srcset=\"https:\/\/soalandy.com\/wp-content\/uploads\/2020\/02\/ToonMe-216x300.png 216w, https:\/\/soalandy.com\/wp-content\/uploads\/2020\/02\/ToonMe-736x1024.png 736w, https:\/\/soalandy.com\/wp-content\/uploads\/2020\/02\/ToonMe-768x1068.png 768w, https:\/\/soalandy.com\/wp-content\/uploads\/2020\/02\/ToonMe-1104x1536.png 1104w, https:\/\/soalandy.com\/wp-content\/uploads\/2020\/02\/ToonMe-1472x2048.png 1472w, https:\/\/soalandy.com\/wp-content\/uploads\/2020\/02\/ToonMe.png 1938w\" sizes=\"auto, (max-width: 216px) 100vw, 216px\" \/><\/p>\n<p style=\"text-align: center;\"><span style=\"color: #cc99ff;\"><strong>Bonjour<\/strong>!<\/span><\/p>\n<p>Je suis Soalandy, illustratrice et motion designer dipl\u00f4m\u00e9e de \u00e9cole LISAA Design Paris.<\/p>\n<p>Mes logiciels sont:<\/p>\n<ul>\n<li>After Effects<\/li>\n<li>Illustrator<\/li>\n<li>Photoshop<\/li>\n<li>Procreate (Ipad Pro)<\/li>\n<li>TVPaint<\/li>\n<li>InDesign<\/li>\n<li>Clip Paint Studio<\/li>\n<\/ul>\n<p>Passionn\u00e9e par le dessin, j&rsquo;utilise \u00e9galement l&rsquo;aquarelle, l&rsquo;encre de Chine, et la gouache.<\/p>\n","protected":false},"excerpt":{"rendered":"<p>Bonjour! Je suis Soalandy, illustratrice et motion designer dipl\u00f4m\u00e9e de \u00e9cole LISAA Design Paris. Mes logiciels sont: After Effects Illustrator Photoshop Procreate (Ipad Pro) TVPaint InDesign Clip Paint Studio Passionn\u00e9e par le dessin, j&rsquo;utilise \u00e9galement l&rsquo;aquarelle, l&rsquo;encre de Chine, et la gouache.<\/p>\n","protected":false},"author":1,"featured_media":0,"parent":0,"menu_order":2,"comment_status":"closed","ping_status":"closed","template":"","meta":{"ngg_post_thumbnail":0,"footnotes":""},"class_list":["post-8","page","type-page","status-publish","hentry"],"_links":{"self":[{"href":"https:\/\/soalandy.com\/index.php?rest_route=\/wp\/v2\/pages\/8","targetHints":{"allow":["GET"]}}],"collection":[{"href":"https:\/\/soalandy.com\/index.php?rest_route=\/wp\/v2\/pages"}],"about":[{"href":"https:\/\/soalandy.com\/index.php?rest_route=\/wp\/v2\/types\/page"}],"author":[{"embeddable":true,"href":"https:\/\/soalandy.com\/index.php?rest_route=\/wp\/v2\/users\/1"}],"replies":[{"embeddable":true,"href":"https:\/\/soalandy.com\/index.php?rest_route=%2Fwp%2Fv2%2Fcomments&post=8"}],"version-history":[{"count":15,"href":"https:\/\/soalandy.com\/index.php?rest_route=\/wp\/v2\/pages\/8\/revisions"}],"predecessor-version":[{"id":5774,"href":"https:\/\/soalandy.com\/index.php?rest_route=\/wp\/v2\/pages\/8\/revisions\/5774"}],"wp:attachment":[{"href":"https:\/\/soalandy.com\/index.php?rest_route=%2Fwp%2Fv2%2Fmedia&parent=8"}],"curies":[{"name":"wp","href":"https:\/\/api.w.org\/{rel}","templated":true}]}}